{"id":807,"date":"2019-12-04T20:19:55","date_gmt":"2019-12-04T19:19:55","guid":{"rendered":"http:\/\/pilarec.com\/?page_id=807"},"modified":"2019-12-08T19:45:14","modified_gmt":"2019-12-08T18:45:14","slug":"friday-speakings","status":"publish","type":"page","link":"https:\/\/pilarec.com\/index.php\/friday-speakings\/","title":{"rendered":"FRIDAY SPEAKINGS"},"content":{"rendered":"\n<p>    Pr\u00e1cticas de speaking de todos los niveles de los ex\u00e1menes de Cambridge con tiempo real. Les ayuda a controlar los nervios propios de dicha prueba y a afianzarse en expresi\u00f3n oral en un ambiente mucho m\u00e1s personalizado, ya que se  realiza con un profesor y una pareja de alumnos porpr\u00e1ctica.<\/p>\n","protected":false},"excerpt":{"rendered":"<p>Pr\u00e1cticas de speaking de todos los niveles de los ex\u00e1menes de Cambridge con tiempo real. Les ayuda a controlar los nervios propios de dicha prueba y a afianzarse en expresi\u00f3n oral en un ambiente mucho m\u00e1s personalizado, ya que se realiza con un profesor y una pareja de alumnos porpr\u00e1ctica.<\/p>\n","protected":false},"author":1,"featured_media":0,"parent":0,"menu_order":0,"comment_status":"closed","ping_status":"closed","template":"","meta":{"footnotes":""},"_links":{"self":[{"href":"https:\/\/pilarec.com\/index.php\/wp-json\/wp\/v2\/pages\/807"}],"collection":[{"href":"https:\/\/pilarec.com\/index.php\/wp-json\/wp\/v2\/pages"}],"about":[{"href":"https:\/\/pilarec.com\/index.php\/wp-json\/wp\/v2\/types\/page"}],"author":[{"embeddable":true,"href":"https:\/\/pilarec.com\/index.php\/wp-json\/wp\/v2\/users\/1"}],"replies":[{"embeddable":true,"href":"https:\/\/pilarec.com\/index.php\/wp-json\/wp\/v2\/comments?post=807"}],"version-history":[{"count":4,"href":"https:\/\/pilarec.com\/index.php\/wp-json\/wp\/v2\/pages\/807\/revisions"}],"predecessor-version":[{"id":971,"href":"https:\/\/pilarec.com\/index.php\/wp-json\/wp\/v2\/pages\/807\/revisions\/971"}],"wp:attachment":[{"href":"https:\/\/pilarec.com\/index.php\/wp-json\/wp\/v2\/media?parent=807"}],"curies":[{"name":"wp","href":"https:\/\/api.w.org\/{rel}","templated":true}]}}