{"id":654,"date":"2019-11-25T19:34:11","date_gmt":"2019-11-25T18:34:11","guid":{"rendered":"http:\/\/pilarec.com\/?page_id=654"},"modified":"2019-12-08T19:50:29","modified_gmt":"2019-12-08T18:50:29","slug":"metodologia-y-materiales","status":"publish","type":"page","link":"https:\/\/pilarec.com\/index.php\/metodologia-y-materiales\/","title":{"rendered":"METODOLOG\u00cdA Y MATERIALES"},"content":{"rendered":"\n<p>   Nuestra metodolog\u00eda se basa en la preparaci\u00f3n de los ex\u00e1menes de Cambridge:<\/p>\n\n\n\n<ul><li>Reading<\/li><li>Writing<\/li><li>Listening<\/li><li>Use of  English<\/li><li>Speaking<\/li><\/ul>\n\n\n\n<p>   Cada trimestre se lleva a cabo un examen final al que se le suma el trabajo que se haya hecho durante los 3 meses para calcular la nota final.<\/p>\n\n\n\n<ul><li>Registros de asistencia diaria.<\/li><li>Registro de trabajo diario.<\/li><li>Tutor\u00edas con padres.<\/li><li>Examen oral interno a final del curso con profesores distintos de los suyos.<\/li><li>Simulaci\u00f3n de ex\u00e1menes de Cambridge fuera de horario lectivo.<\/li><\/ul>\n\n\n\n<p>   Nuestro profesorado combina las t\u00e9cnicas modernas con las tradicionales usando material en soporte papel as\u00ed como el material multimedia que es muy atractivo para las nuevas generaciones.<\/p>\n","protected":false},"excerpt":{"rendered":"<p>Nuestra metodolog\u00eda se basa en la preparaci\u00f3n de los ex\u00e1menes de Cambridge: Reading Writing Listening Use of English Speaking Cada trimestre se lleva a cabo un examen final al que se le suma el trabajo que se haya hecho durante los 3 meses para calcular la nota final. Registros de asistencia diaria. Registro de trabajo [&hellip;]<\/p>\n","protected":false},"author":1,"featured_media":0,"parent":0,"menu_order":0,"comment_status":"closed","ping_status":"closed","template":"","meta":{"footnotes":""},"_links":{"self":[{"href":"https:\/\/pilarec.com\/index.php\/wp-json\/wp\/v2\/pages\/654"}],"collection":[{"href":"https:\/\/pilarec.com\/index.php\/wp-json\/wp\/v2\/pages"}],"about":[{"href":"https:\/\/pilarec.com\/index.php\/wp-json\/wp\/v2\/types\/page"}],"author":[{"embeddable":true,"href":"https:\/\/pilarec.com\/index.php\/wp-json\/wp\/v2\/users\/1"}],"replies":[{"embeddable":true,"href":"https:\/\/pilarec.com\/index.php\/wp-json\/wp\/v2\/comments?post=654"}],"version-history":[{"count":3,"href":"https:\/\/pilarec.com\/index.php\/wp-json\/wp\/v2\/pages\/654\/revisions"}],"predecessor-version":[{"id":977,"href":"https:\/\/pilarec.com\/index.php\/wp-json\/wp\/v2\/pages\/654\/revisions\/977"}],"wp:attachment":[{"href":"https:\/\/pilarec.com\/index.php\/wp-json\/wp\/v2\/media?parent=654"}],"curies":[{"name":"wp","href":"https:\/\/api.w.org\/{rel}","templated":true}]}}