{"id":653,"date":"2019-11-25T19:34:11","date_gmt":"2019-11-25T18:34:11","guid":{"rendered":"http:\/\/pilarec.com\/?page_id=653"},"modified":"2024-04-16T19:50:54","modified_gmt":"2024-04-16T17:50:54","slug":"instalaciones","status":"publish","type":"page","link":"https:\/\/pilarec.com\/index.php\/instalaciones\/","title":{"rendered":"INSTALACIONES"},"content":{"rendered":"\n<figure class=\"wp-block-gallery has-nested-images columns-default is-cropped wp-block-gallery-1 is-layout-flex wp-block-gallery-is-layout-flex\">\n<figure class=\"wp-block-image size-large\"><img loading=\"lazy\" decoding=\"async\" width=\"1024\" height=\"768\" data-id=\"1460\" src=\"http:\/\/pilarec.com\/wp-content\/uploads\/2024\/04\/WhatsApp-Image-2024-04-16-at-19.12.171-1-1024x768.jpeg\" alt=\"\" class=\"wp-image-1460\" srcset=\"https:\/\/pilarec.com\/wp-content\/uploads\/2024\/04\/WhatsApp-Image-2024-04-16-at-19.12.171-1-1024x768.jpeg 1024w, https:\/\/pilarec.com\/wp-content\/uploads\/2024\/04\/WhatsApp-Image-2024-04-16-at-19.12.171-1-300x225.jpeg 300w, https:\/\/pilarec.com\/wp-content\/uploads\/2024\/04\/WhatsApp-Image-2024-04-16-at-19.12.171-1-768x576.jpeg 768w, https:\/\/pilarec.com\/wp-content\/uploads\/2024\/04\/WhatsApp-Image-2024-04-16-at-19.12.171-1-1536x1152.jpeg 1536w, https:\/\/pilarec.com\/wp-content\/uploads\/2024\/04\/WhatsApp-Image-2024-04-16-at-19.12.171-1.jpeg 2000w\" sizes=\"(max-width: 1024px) 100vw, 1024px\" \/><\/figure>\n\n\n\n<figure class=\"wp-block-image size-large\"><img loading=\"lazy\" decoding=\"async\" width=\"768\" height=\"1024\" data-id=\"1461\" src=\"http:\/\/pilarec.com\/wp-content\/uploads\/2024\/04\/WhatsApp-Image-2024-04-16-at-19.12.17-1-768x1024.jpeg\" alt=\"\" class=\"wp-image-1461\" srcset=\"https:\/\/pilarec.com\/wp-content\/uploads\/2024\/04\/WhatsApp-Image-2024-04-16-at-19.12.17-1-768x1024.jpeg 768w, https:\/\/pilarec.com\/wp-content\/uploads\/2024\/04\/WhatsApp-Image-2024-04-16-at-19.12.17-1-225x300.jpeg 225w, https:\/\/pilarec.com\/wp-content\/uploads\/2024\/04\/WhatsApp-Image-2024-04-16-at-19.12.17-1-1152x1536.jpeg 1152w, https:\/\/pilarec.com\/wp-content\/uploads\/2024\/04\/WhatsApp-Image-2024-04-16-at-19.12.17-1.jpeg 1500w\" sizes=\"(max-width: 768px) 100vw, 768px\" \/><\/figure>\n\n\n\n<figure class=\"wp-block-image size-large\"><img loading=\"lazy\" decoding=\"async\" width=\"1024\" height=\"768\" data-id=\"1465\" src=\"http:\/\/pilarec.com\/wp-content\/uploads\/2024\/04\/WhatsApp-Image-2024-04-16-at-19.12.161-1-1024x768.jpeg\" alt=\"\" class=\"wp-image-1465\" srcset=\"https:\/\/pilarec.com\/wp-content\/uploads\/2024\/04\/WhatsApp-Image-2024-04-16-at-19.12.161-1-1024x768.jpeg 1024w, https:\/\/pilarec.com\/wp-content\/uploads\/2024\/04\/WhatsApp-Image-2024-04-16-at-19.12.161-1-300x225.jpeg 300w, https:\/\/pilarec.com\/wp-content\/uploads\/2024\/04\/WhatsApp-Image-2024-04-16-at-19.12.161-1-768x576.jpeg 768w, https:\/\/pilarec.com\/wp-content\/uploads\/2024\/04\/WhatsApp-Image-2024-04-16-at-19.12.161-1-1536x1152.jpeg 1536w, https:\/\/pilarec.com\/wp-content\/uploads\/2024\/04\/WhatsApp-Image-2024-04-16-at-19.12.161-1.jpeg 2000w\" sizes=\"(max-width: 1024px) 100vw, 1024px\" \/><\/figure>\n\n\n\n<figure class=\"wp-block-image size-large\"><img loading=\"lazy\" decoding=\"async\" width=\"1024\" height=\"768\" data-id=\"1463\" src=\"http:\/\/pilarec.com\/wp-content\/uploads\/2024\/04\/WhatsApp-Image-2024-04-16-at-19.12.16-1-1024x768.jpeg\" alt=\"\" class=\"wp-image-1463\" srcset=\"https:\/\/pilarec.com\/wp-content\/uploads\/2024\/04\/WhatsApp-Image-2024-04-16-at-19.12.16-1-1024x768.jpeg 1024w, https:\/\/pilarec.com\/wp-content\/uploads\/2024\/04\/WhatsApp-Image-2024-04-16-at-19.12.16-1-300x225.jpeg 300w, https:\/\/pilarec.com\/wp-content\/uploads\/2024\/04\/WhatsApp-Image-2024-04-16-at-19.12.16-1-768x576.jpeg 768w, https:\/\/pilarec.com\/wp-content\/uploads\/2024\/04\/WhatsApp-Image-2024-04-16-at-19.12.16-1-1536x1152.jpeg 1536w, https:\/\/pilarec.com\/wp-content\/uploads\/2024\/04\/WhatsApp-Image-2024-04-16-at-19.12.16-1.jpeg 2000w\" sizes=\"(max-width: 1024px) 100vw, 1024px\" \/><\/figure>\n\n\n\n<figure class=\"wp-block-image size-large\"><img loading=\"lazy\" decoding=\"async\" width=\"1024\" height=\"768\" data-id=\"1462\" src=\"http:\/\/pilarec.com\/wp-content\/uploads\/2024\/04\/WhatsApp-Image-2024-04-16-at-19.12.152-1-1024x768.jpeg\" alt=\"\" class=\"wp-image-1462\" srcset=\"https:\/\/pilarec.com\/wp-content\/uploads\/2024\/04\/WhatsApp-Image-2024-04-16-at-19.12.152-1-1024x768.jpeg 1024w, https:\/\/pilarec.com\/wp-content\/uploads\/2024\/04\/WhatsApp-Image-2024-04-16-at-19.12.152-1-300x225.jpeg 300w, https:\/\/pilarec.com\/wp-content\/uploads\/2024\/04\/WhatsApp-Image-2024-04-16-at-19.12.152-1-768x576.jpeg 768w, https:\/\/pilarec.com\/wp-content\/uploads\/2024\/04\/WhatsApp-Image-2024-04-16-at-19.12.152-1-1536x1152.jpeg 1536w, https:\/\/pilarec.com\/wp-content\/uploads\/2024\/04\/WhatsApp-Image-2024-04-16-at-19.12.152-1.jpeg 2000w\" sizes=\"(max-width: 1024px) 100vw, 1024px\" \/><\/figure>\n\n\n\n<figure class=\"wp-block-image size-large\"><img loading=\"lazy\" decoding=\"async\" width=\"1024\" height=\"768\" data-id=\"1464\" src=\"http:\/\/pilarec.com\/wp-content\/uploads\/2024\/04\/WhatsApp-Image-2024-04-16-at-19.12.151-1-1024x768.jpeg\" alt=\"\" class=\"wp-image-1464\" srcset=\"https:\/\/pilarec.com\/wp-content\/uploads\/2024\/04\/WhatsApp-Image-2024-04-16-at-19.12.151-1-1024x768.jpeg 1024w, https:\/\/pilarec.com\/wp-content\/uploads\/2024\/04\/WhatsApp-Image-2024-04-16-at-19.12.151-1-300x225.jpeg 300w, https:\/\/pilarec.com\/wp-content\/uploads\/2024\/04\/WhatsApp-Image-2024-04-16-at-19.12.151-1-768x576.jpeg 768w, https:\/\/pilarec.com\/wp-content\/uploads\/2024\/04\/WhatsApp-Image-2024-04-16-at-19.12.151-1-1536x1152.jpeg 1536w, https:\/\/pilarec.com\/wp-content\/uploads\/2024\/04\/WhatsApp-Image-2024-04-16-at-19.12.151-1.jpeg 2000w\" sizes=\"(max-width: 1024px) 100vw, 1024px\" \/><\/figure>\n\n\n\n<figure class=\"wp-block-image size-large\"><img loading=\"lazy\" decoding=\"async\" width=\"1024\" height=\"768\" data-id=\"1466\" src=\"http:\/\/pilarec.com\/wp-content\/uploads\/2024\/04\/WhatsApp-Image-2024-04-16-at-19.12.15-1-1024x768.jpeg\" alt=\"\" class=\"wp-image-1466\" srcset=\"https:\/\/pilarec.com\/wp-content\/uploads\/2024\/04\/WhatsApp-Image-2024-04-16-at-19.12.15-1-1024x768.jpeg 1024w, https:\/\/pilarec.com\/wp-content\/uploads\/2024\/04\/WhatsApp-Image-2024-04-16-at-19.12.15-1-300x225.jpeg 300w, https:\/\/pilarec.com\/wp-content\/uploads\/2024\/04\/WhatsApp-Image-2024-04-16-at-19.12.15-1-768x576.jpeg 768w, https:\/\/pilarec.com\/wp-content\/uploads\/2024\/04\/WhatsApp-Image-2024-04-16-at-19.12.15-1-1536x1152.jpeg 1536w, https:\/\/pilarec.com\/wp-content\/uploads\/2024\/04\/WhatsApp-Image-2024-04-16-at-19.12.15-1.jpeg 2000w\" sizes=\"(max-width: 1024px) 100vw, 1024px\" \/><\/figure>\n<\/figure>\n\n\n\n<figure class=\"wp-block-image size-large\"><img loading=\"lazy\" decoding=\"async\" width=\"1024\" height=\"768\" src=\"http:\/\/pilarec.com\/wp-content\/uploads\/2019\/12\/IMG-20191126-WA0022.jpg\" alt=\"\" class=\"wp-image-761\" srcset=\"https:\/\/pilarec.com\/wp-content\/uploads\/2019\/12\/IMG-20191126-WA0022.jpg 1024w, https:\/\/pilarec.com\/wp-content\/uploads\/2019\/12\/IMG-20191126-WA0022-300x225.jpg 300w, https:\/\/pilarec.com\/wp-content\/uploads\/2019\/12\/IMG-20191126-WA0022-768x576.jpg 768w\" sizes=\"(max-width: 1024px) 100vw, 1024px\" \/><\/figure>\n\n\n\n<figure class=\"wp-block-image size-large\"><img loading=\"lazy\" decoding=\"async\" width=\"1024\" height=\"768\" src=\"http:\/\/pilarec.com\/wp-content\/uploads\/2019\/12\/IMG-20191126-WA0042-1024x768.jpg\" alt=\"\" class=\"wp-image-760\" srcset=\"https:\/\/pilarec.com\/wp-content\/uploads\/2019\/12\/IMG-20191126-WA0042-1024x768.jpg 1024w, https:\/\/pilarec.com\/wp-content\/uploads\/2019\/12\/IMG-20191126-WA0042-300x225.jpg 300w, https:\/\/pilarec.com\/wp-content\/uploads\/2019\/12\/IMG-20191126-WA0042-768x576.jpg 768w, https:\/\/pilarec.com\/wp-content\/uploads\/2019\/12\/IMG-20191126-WA0042-1536x1152.jpg 1536w, https:\/\/pilarec.com\/wp-content\/uploads\/2019\/12\/IMG-20191126-WA0042.jpg 2000w\" sizes=\"(max-width: 1024px) 100vw, 1024px\" \/><\/figure>\n\n\n\n<figure class=\"wp-block-image size-large\"><img loading=\"lazy\" decoding=\"async\" width=\"768\" height=\"1024\" src=\"http:\/\/pilarec.com\/wp-content\/uploads\/2019\/12\/IMG-20191126-WA0017-768x1024.jpg\" alt=\"\" class=\"wp-image-755\" srcset=\"https:\/\/pilarec.com\/wp-content\/uploads\/2019\/12\/IMG-20191126-WA0017-768x1024.jpg 768w, https:\/\/pilarec.com\/wp-content\/uploads\/2019\/12\/IMG-20191126-WA0017-225x300.jpg 225w, https:\/\/pilarec.com\/wp-content\/uploads\/2019\/12\/IMG-20191126-WA0017-1152x1536.jpg 1152w, https:\/\/pilarec.com\/wp-content\/uploads\/2019\/12\/IMG-20191126-WA0017.jpg 1536w\" sizes=\"(max-width: 768px) 100vw, 768px\" \/><\/figure>\n\n\n\n<figure class=\"wp-block-image size-large\"><img loading=\"lazy\" decoding=\"async\" width=\"768\" height=\"1024\" src=\"http:\/\/pilarec.com\/wp-content\/uploads\/2019\/12\/IMG-20191126-WA0016-768x1024.jpg\" alt=\"\" class=\"wp-image-752\" srcset=\"https:\/\/pilarec.com\/wp-content\/uploads\/2019\/12\/IMG-20191126-WA0016-768x1024.jpg 768w, https:\/\/pilarec.com\/wp-content\/uploads\/2019\/12\/IMG-20191126-WA0016-225x300.jpg 225w, https:\/\/pilarec.com\/wp-content\/uploads\/2019\/12\/IMG-20191126-WA0016-1152x1536.jpg 1152w, https:\/\/pilarec.com\/wp-content\/uploads\/2019\/12\/IMG-20191126-WA0016.jpg 1500w\" sizes=\"(max-width: 768px) 100vw, 768px\" \/><\/figure>\n\n\n\n<figure class=\"wp-block-image size-large\"><img loading=\"lazy\" decoding=\"async\" width=\"768\" height=\"1024\" src=\"http:\/\/pilarec.com\/wp-content\/uploads\/2019\/12\/acad1-1-768x1024.jpeg\" alt=\"\" class=\"wp-image-740\" srcset=\"https:\/\/pilarec.com\/wp-content\/uploads\/2019\/12\/acad1-1-768x1024.jpeg 768w, https:\/\/pilarec.com\/wp-content\/uploads\/2019\/12\/acad1-1-225x300.jpeg 225w, https:\/\/pilarec.com\/wp-content\/uploads\/2019\/12\/acad1-1-1152x1536.jpeg 1152w, https:\/\/pilarec.com\/wp-content\/uploads\/2019\/12\/acad1-1.jpeg 1200w\" sizes=\"(max-width: 768px) 100vw, 768px\" \/><\/figure>\n\n\n\n<figure class=\"wp-block-image size-large\"><img loading=\"lazy\" decoding=\"async\" width=\"768\" height=\"1024\" src=\"http:\/\/pilarec.com\/wp-content\/uploads\/2019\/12\/acad20-1-768x1024.jpeg\" alt=\"\" class=\"wp-image-738\" srcset=\"https:\/\/pilarec.com\/wp-content\/uploads\/2019\/12\/acad20-1-768x1024.jpeg 768w, https:\/\/pilarec.com\/wp-content\/uploads\/2019\/12\/acad20-1-225x300.jpeg 225w, https:\/\/pilarec.com\/wp-content\/uploads\/2019\/12\/acad20-1-1152x1536.jpeg 1152w, https:\/\/pilarec.com\/wp-content\/uploads\/2019\/12\/acad20-1.jpeg 1200w\" sizes=\"(max-width: 768px) 100vw, 768px\" \/><\/figure>\n\n\n\n<figure class=\"wp-block-image size-large\"><img loading=\"lazy\" decoding=\"async\" width=\"768\" height=\"1024\" src=\"http:\/\/pilarec.com\/wp-content\/uploads\/2019\/12\/acad19-768x1024.jpeg\" alt=\"\" class=\"wp-image-737\" srcset=\"https:\/\/pilarec.com\/wp-content\/uploads\/2019\/12\/acad19-768x1024.jpeg 768w, https:\/\/pilarec.com\/wp-content\/uploads\/2019\/12\/acad19-225x300.jpeg 225w, https:\/\/pilarec.com\/wp-content\/uploads\/2019\/12\/acad19-1152x1536.jpeg 1152w, https:\/\/pilarec.com\/wp-content\/uploads\/2019\/12\/acad19.jpeg 1200w\" sizes=\"(max-width: 768px) 100vw, 768px\" \/><\/figure>\n\n\n\n<figure class=\"wp-block-image size-large\"><img loading=\"lazy\" decoding=\"async\" width=\"768\" height=\"1024\" src=\"http:\/\/pilarec.com\/wp-content\/uploads\/2019\/12\/acad18-1-768x1024.jpeg\" alt=\"\" class=\"wp-image-736\" srcset=\"https:\/\/pilarec.com\/wp-content\/uploads\/2019\/12\/acad18-1-768x1024.jpeg 768w, https:\/\/pilarec.com\/wp-content\/uploads\/2019\/12\/acad18-1-225x300.jpeg 225w, https:\/\/pilarec.com\/wp-content\/uploads\/2019\/12\/acad18-1-1152x1536.jpeg 1152w, https:\/\/pilarec.com\/wp-content\/uploads\/2019\/12\/acad18-1.jpeg 1200w\" sizes=\"(max-width: 768px) 100vw, 768px\" \/><\/figure>\n\n\n\n<figure class=\"wp-block-image size-large\"><img loading=\"lazy\" decoding=\"async\" width=\"768\" height=\"1024\" src=\"http:\/\/pilarec.com\/wp-content\/uploads\/2019\/12\/acad17-1-768x1024.jpeg\" alt=\"\" class=\"wp-image-735\" srcset=\"https:\/\/pilarec.com\/wp-content\/uploads\/2019\/12\/acad17-1-768x1024.jpeg 768w, https:\/\/pilarec.com\/wp-content\/uploads\/2019\/12\/acad17-1-225x300.jpeg 225w, https:\/\/pilarec.com\/wp-content\/uploads\/2019\/12\/acad17-1-1152x1536.jpeg 1152w, https:\/\/pilarec.com\/wp-content\/uploads\/2019\/12\/acad17-1.jpeg 1200w\" sizes=\"(max-width: 768px) 100vw, 768px\" \/><\/figure>\n\n\n\n<figure class=\"wp-block-image size-large\"><img loading=\"lazy\" decoding=\"async\" width=\"1024\" height=\"614\" src=\"http:\/\/pilarec.com\/wp-content\/uploads\/2018\/01\/coffee-1024x614.jpg\" alt=\"\" class=\"wp-image-6\" srcset=\"https:\/\/pilarec.com\/wp-content\/uploads\/2018\/01\/coffee-1024x614.jpg 1024w, https:\/\/pilarec.com\/wp-content\/uploads\/2018\/01\/coffee-300x180.jpg 300w, https:\/\/pilarec.com\/wp-content\/uploads\/2018\/01\/coffee-768x461.jpg 768w, https:\/\/pilarec.com\/wp-content\/uploads\/2018\/01\/coffee.jpg 2000w\" sizes=\"(max-width: 1024px) 100vw, 1024px\" \/><\/figure>\n\n\n\n<h2 class=\"wp-block-heading\"><\/h2>\n\n\n\n<p>Pilar\u00b4s English Centre cuenta con 7 aulas equipadas con pizarras interactivas, ordenadores y equipos de sonido.<\/p>\n\n\n\n<p>Un aula con 20 ordenadores espec\u00edfica para practicar los ex\u00e1menes por ordenador.<\/p>\n\n\n\n<p>Contamos con una peque\u00f1a biblioteca con libros, revistas y dvd&#8217;s que est\u00e1n a disposici\u00f3n de todos los alumnos.<\/p>\n","protected":false},"excerpt":{"rendered":"<p>Pilar\u00b4s English Centre cuenta con 7 aulas equipadas con pizarras interactivas, ordenadores y equipos de sonido. Un aula con 20 ordenadores espec\u00edfica para practicar los ex\u00e1menes por ordenador. Contamos con una peque\u00f1a biblioteca con libros, revistas y dvd&#8217;s que est\u00e1n a disposici\u00f3n de todos los alumnos.<\/p>\n","protected":false},"author":1,"featured_media":0,"parent":0,"menu_order":0,"comment_status":"closed","ping_status":"closed","template":"","meta":{"footnotes":""},"_links":{"self":[{"href":"https:\/\/pilarec.com\/index.php\/wp-json\/wp\/v2\/pages\/653"}],"collection":[{"href":"https:\/\/pilarec.com\/index.php\/wp-json\/wp\/v2\/pages"}],"about":[{"href":"https:\/\/pilarec.com\/index.php\/wp-json\/wp\/v2\/types\/page"}],"author":[{"embeddable":true,"href":"https:\/\/pilarec.com\/index.php\/wp-json\/wp\/v2\/users\/1"}],"replies":[{"embeddable":true,"href":"https:\/\/pilarec.com\/index.php\/wp-json\/wp\/v2\/comments?post=653"}],"version-history":[{"count":6,"href":"https:\/\/pilarec.com\/index.php\/wp-json\/wp\/v2\/pages\/653\/revisions"}],"predecessor-version":[{"id":1469,"href":"https:\/\/pilarec.com\/index.php\/wp-json\/wp\/v2\/pages\/653\/revisions\/1469"}],"wp:attachment":[{"href":"https:\/\/pilarec.com\/index.php\/wp-json\/wp\/v2\/media?parent=653"}],"curies":[{"name":"wp","href":"https:\/\/api.w.org\/{rel}","templated":true}]}}