{"id":652,"date":"2019-11-25T19:34:11","date_gmt":"2019-11-25T18:34:11","guid":{"rendered":"http:\/\/pilarec.com\/?page_id=652"},"modified":"2024-04-16T19:38:08","modified_gmt":"2024-04-16T17:38:08","slug":"profesorado","status":"publish","type":"page","link":"https:\/\/pilarec.com\/index.php\/profesorado\/","title":{"rendered":"PROFESORADO"},"content":{"rendered":"\n<figure class=\"wp-block-image size-large\"><img loading=\"lazy\" decoding=\"async\" width=\"150\" height=\"150\" src=\"http:\/\/pilarec.com\/wp-content\/uploads\/2018\/01\/logo-cabecera.jpg\" alt=\"\" class=\"wp-image-169\"\/><\/figure>\n\n\n\n<div class=\"wp-block-group is-layout-flow wp-block-group-is-layout-flow\"><div class=\"wp-block-group__inner-container\">\n<div class=\"wp-block-group is-layout-flow wp-block-group-is-layout-flow\"><div class=\"wp-block-group__inner-container\"><\/div><\/div>\n<\/div><\/div>\n\n\n\n<p>  <\/p>\n\n\n\n<p> <\/p>\n\n\n\n<figure class=\"wp-block-gallery has-nested-images columns-default is-cropped wp-block-gallery-1 is-layout-flex wp-block-gallery-is-layout-flex\">\n<figure class=\"wp-block-image size-large\"><img loading=\"lazy\" decoding=\"async\" width=\"904\" height=\"892\" data-id=\"1456\" src=\"http:\/\/pilarec.com\/wp-content\/uploads\/2024\/04\/WhatsApp-Image-2024-04-16-at-19.12.24-2.jpeg\" alt=\"\" class=\"wp-image-1456\" srcset=\"https:\/\/pilarec.com\/wp-content\/uploads\/2024\/04\/WhatsApp-Image-2024-04-16-at-19.12.24-2.jpeg 904w, https:\/\/pilarec.com\/wp-content\/uploads\/2024\/04\/WhatsApp-Image-2024-04-16-at-19.12.24-2-300x296.jpeg 300w, https:\/\/pilarec.com\/wp-content\/uploads\/2024\/04\/WhatsApp-Image-2024-04-16-at-19.12.24-2-768x758.jpeg 768w\" sizes=\"(max-width: 904px) 100vw, 904px\" \/><\/figure>\n<\/figure>\n\n\n\n<p><\/p>\n\n\n\n<figure class=\"wp-block-gallery has-nested-images columns-default is-cropped wp-block-gallery-2 is-layout-flex wp-block-gallery-is-layout-flex\">\n<figure class=\"wp-block-image size-large\"><img loading=\"lazy\" decoding=\"async\" width=\"903\" height=\"534\" data-id=\"1457\" src=\"http:\/\/pilarec.com\/wp-content\/uploads\/2024\/04\/WhatsApp-Image-2024-04-16-at-19.12.37-3.jpeg\" alt=\"\" class=\"wp-image-1457\" srcset=\"https:\/\/pilarec.com\/wp-content\/uploads\/2024\/04\/WhatsApp-Image-2024-04-16-at-19.12.37-3.jpeg 903w, https:\/\/pilarec.com\/wp-content\/uploads\/2024\/04\/WhatsApp-Image-2024-04-16-at-19.12.37-3-300x177.jpeg 300w, https:\/\/pilarec.com\/wp-content\/uploads\/2024\/04\/WhatsApp-Image-2024-04-16-at-19.12.37-3-768x454.jpeg 768w\" sizes=\"(max-width: 903px) 100vw, 903px\" \/><\/figure>\n<\/figure>\n\n\n\n\n\n<p>   <\/p>\n\n\n\n<p><\/p>\n\n\n\n<p><\/p>\n\n\n\n<p><\/p>\n\n\n\n<p>    En Pilar\u00b4s English Centre contamos con una plantilla de profesores titulados con amplia y probada experiencia como as\u00ed lo avalan los resultados de sus alumnos.<\/p>\n\n\n\n<p>   Comprometidos con la ense\u00f1anza e implicados m\u00e1s all\u00e1 de sus tareas acad\u00e9micas, buscamos que nuestros alumnos aprendan el idioma de forma amena y pr\u00e1ctica y obtengan resultados positivos en todos los \u00e1mbitos de su vida.<\/p>\n\n\n\n<p>   Todo el profesorado acredita el certificado que entr\u00f3 en vigor en 2016 que asegura no haber cometido ning\u00fan delito relacionado con ni\u00f1os o adolescentes.<\/p>\n\n\n\n<p>   Fomentamos el orden en el estudio premiando con un mes gratuito por nivel a la libreta con mejor presentaci\u00f3n.<\/p>\n","protected":false},"excerpt":{"rendered":"<p>En Pilar\u00b4s English Centre contamos con una plantilla de profesores titulados con amplia y probada experiencia como as\u00ed lo avalan los resultados de sus alumnos. Comprometidos con la ense\u00f1anza e implicados m\u00e1s all\u00e1 de sus tareas acad\u00e9micas, buscamos que nuestros alumnos aprendan el idioma de forma amena y pr\u00e1ctica y obtengan resultados positivos en todos [&hellip;]<\/p>\n","protected":false},"author":1,"featured_media":0,"parent":0,"menu_order":0,"comment_status":"closed","ping_status":"closed","template":"","meta":{"footnotes":""},"_links":{"self":[{"href":"https:\/\/pilarec.com\/index.php\/wp-json\/wp\/v2\/pages\/652"}],"collection":[{"href":"https:\/\/pilarec.com\/index.php\/wp-json\/wp\/v2\/pages"}],"about":[{"href":"https:\/\/pilarec.com\/index.php\/wp-json\/wp\/v2\/types\/page"}],"author":[{"embeddable":true,"href":"https:\/\/pilarec.com\/index.php\/wp-json\/wp\/v2\/users\/1"}],"replies":[{"embeddable":true,"href":"https:\/\/pilarec.com\/index.php\/wp-json\/wp\/v2\/comments?post=652"}],"version-history":[{"count":17,"href":"https:\/\/pilarec.com\/index.php\/wp-json\/wp\/v2\/pages\/652\/revisions"}],"predecessor-version":[{"id":1458,"href":"https:\/\/pilarec.com\/index.php\/wp-json\/wp\/v2\/pages\/652\/revisions\/1458"}],"wp:attachment":[{"href":"https:\/\/pilarec.com\/index.php\/wp-json\/wp\/v2\/media?parent=652"}],"curies":[{"name":"wp","href":"https:\/\/api.w.org\/{rel}","templated":true}]}}