{"id":645,"date":"2019-11-25T19:31:59","date_gmt":"2019-11-25T18:31:59","guid":{"rendered":"http:\/\/pilarec.com\/?page_id=645"},"modified":"2024-05-03T08:18:04","modified_gmt":"2024-05-03T06:18:04","slug":"academia","status":"publish","type":"page","link":"https:\/\/pilarec.com\/index.php\/academia\/","title":{"rendered":"ACADEMIA INGL\u00c9S \u00daBEDA"},"content":{"rendered":"<p><!--StartFragment--><\/p>\n\n\n<figure class=\"wp-block-image size-large\"><img loading=\"lazy\" decoding=\"async\" width=\"1024\" height=\"768\" src=\"http:\/\/pilarec.com\/wp-content\/uploads\/2018\/01\/100_1050-1024x768.jpg\" alt=\"\" class=\"wp-image-194\" srcset=\"https:\/\/pilarec.com\/wp-content\/uploads\/2018\/01\/100_1050-1024x768.jpg 1024w, https:\/\/pilarec.com\/wp-content\/uploads\/2018\/01\/100_1050-300x225.jpg 300w, https:\/\/pilarec.com\/wp-content\/uploads\/2018\/01\/100_1050-768x576.jpg 768w\" sizes=\"(max-width: 1024px) 100vw, 1024px\" \/><\/figure>\n\n\n\n<p>Pilar\u00b4s English Centre es una academia de ingl\u00e9s en \u00dabeda con m\u00e1s de 30 a\u00f1os de experiencia que abarca desde las edades m\u00e1s tempranas (3 a\u00f1os) hasta adultos. Preparamos a nuestros alumnos para la obtenci\u00f3n delos ex\u00e1menes de Camdridge desde YLE has C2.<\/p>\n\n\n\n<p>Somos Centro Preparador Premium de Cambridge English adscrito al Platinum Examination Centre ES 636 Exams Andaluc\u00eda.<\/p>\n\n\n\n<p><strong><em>Tu Academia de ingl\u00e9s en \u00dabeda<\/em><\/strong><\/p>\n\n\n\n<p>   Pilar\u00b4s English Centre est\u00e1 ubicado en una zona f\u00e1cilmente accesible entre dos colegios y al lado del Parque Norte lo que nos permite hacer algunas actividades al aire libre en un entorno alejado de los ruidos de la vida de la ciudad.<\/p>\n\n\n<p><!--EndFragment--><\/p>","protected":false},"excerpt":{"rendered":"<p>Pilar\u00b4s English Centre es una academia de ingl\u00e9s en \u00dabeda con m\u00e1s de 30 a\u00f1os de experiencia que abarca desde las edades m\u00e1s tempranas (3 a\u00f1os) hasta adultos. Preparamos a nuestros alumnos para la obtenci\u00f3n delos ex\u00e1menes de Camdridge desde YLE has C2. Somos Centro Preparador Premium de Cambridge English adscrito al Platinum Examination Centre [&hellip;]<\/p>\n","protected":false},"author":1,"featured_media":0,"parent":0,"menu_order":0,"comment_status":"closed","ping_status":"closed","template":"","meta":{"footnotes":""},"_links":{"self":[{"href":"https:\/\/pilarec.com\/index.php\/wp-json\/wp\/v2\/pages\/645"}],"collection":[{"href":"https:\/\/pilarec.com\/index.php\/wp-json\/wp\/v2\/pages"}],"about":[{"href":"https:\/\/pilarec.com\/index.php\/wp-json\/wp\/v2\/types\/page"}],"author":[{"embeddable":true,"href":"https:\/\/pilarec.com\/index.php\/wp-json\/wp\/v2\/users\/1"}],"replies":[{"embeddable":true,"href":"https:\/\/pilarec.com\/index.php\/wp-json\/wp\/v2\/comments?post=645"}],"version-history":[{"count":6,"href":"https:\/\/pilarec.com\/index.php\/wp-json\/wp\/v2\/pages\/645\/revisions"}],"predecessor-version":[{"id":1497,"href":"https:\/\/pilarec.com\/index.php\/wp-json\/wp\/v2\/pages\/645\/revisions\/1497"}],"wp:attachment":[{"href":"https:\/\/pilarec.com\/index.php\/wp-json\/wp\/v2\/media?parent=645"}],"curies":[{"name":"wp","href":"https:\/\/api.w.org\/{rel}","templated":true}]}}