{"id":56,"date":"2018-01-30T11:34:44","date_gmt":"2018-01-30T10:34:44","guid":{"rendered":"http:\/\/pilarec.com\/?page_id=56"},"modified":"2024-05-03T08:28:08","modified_gmt":"2024-05-03T06:28:08","slug":"examenes","status":"publish","type":"page","link":"https:\/\/pilarec.com\/index.php\/examenes\/","title":{"rendered":"Ex\u00e1menes"},"content":{"rendered":"\n<h2 class=\"wp-block-heading has-text-align-center\">HAZ NUESTRO EXAMEN B2 CAMBRIDGE Y MAS EXAMENES EN NUESTRO CENTRO <\/h2>\n\n\n<h4>KET<\/h4>\n\n<table id=\"tablepress-3\" class=\"tablepress tablepress-id-3\">\n<thead>\n<tr class=\"row-1 odd\">\n\t<th class=\"column-1\">COMPUTER TEST<\/th><th class=\"column-2\">SPEAKING TEST<\/th><th class=\"column-3\">\u00daLTIMO D\u00cdA DE MATRICULACI\u00d3N<\/th>\n<\/tr>\n<\/thead>\n<tbody class=\"row-hover\">\n<tr class=\"row-2 even\">\n\t<td class=\"column-1\">12\/06\/2026<\/td><td class=\"column-2\">12\/06\/2026<\/td><td class=\"column-3\">27-05-2026<\/td>\n<\/tr>\n<\/tbody>\n<\/table>\n<!-- #tablepress-3 from cache -->\n<h4>PET<\/h4>\n<h2 class=\"tablepress-table-name tablepress-table-name-id-4\">B1 Preliminary for Schools (PET for schools)<\/h2>\n\n<table id=\"tablepress-4\" class=\"tablepress tablepress-id-4\">\n<thead>\n<tr class=\"row-1 odd\">\n\t<th class=\"column-1\">COMPUTER TEST<\/th><th class=\"column-2\">SPEAKING TEST<\/th><th class=\"column-3\">\u00daLTIMO D\u00cdA DE MATRICULACI\u00d3N<\/th>\n<\/tr>\n<\/thead>\n<tbody class=\"row-hover\">\n<tr class=\"row-2 even\">\n\t<td class=\"column-1\">29-06-2026<\/td><td class=\"column-2\">27-06-2026<\/td><td class=\"column-3\">10-06-2026<\/td>\n<\/tr>\n<tr class=\"row-3 odd\">\n\t<td class=\"column-1\">29-07-2026<\/td><td class=\"column-2\">26-07-2026<\/td><td class=\"column-3\">15-07-2026<\/td>\n<\/tr>\n<tr class=\"row-4 even\">\n\t<td class=\"column-1\">18-12-2026<\/td><td class=\"column-2\">13-12-2026<\/td><td class=\"column-3\">25-11-2026<\/td>\n<\/tr>\n<\/tbody>\n<\/table>\n<span class=\"tablepress-table-description tablepress-table-description-id-4\">B1 Preliminary for Schools (PET for schools)<\/span>\n<!-- #tablepress-4 from cache -->\n<h4>FCE<\/h4>\n<h2 class=\"tablepress-table-name tablepress-table-name-id-5\">B2 First for schools(FCE for Schools)<\/h2>\n\n<table id=\"tablepress-5\" class=\"tablepress tablepress-id-5\">\n<thead>\n<tr class=\"row-1 odd\">\n\t<th class=\"column-1\">COMPUTER TEST<\/th><th class=\"column-2\">SPEAKING TEST<\/th><th class=\"column-3\">\u00daLTIMO D\u00cdA DE MATRICULACI\u00d3N<\/th>\n<\/tr>\n<\/thead>\n<tbody class=\"row-hover\">\n<tr class=\"row-2 even\">\n\t<td class=\"column-1\">30-06-2026<\/td><td class=\"column-2\">28-06-2026<\/td><td class=\"column-3\">10-06-2026<\/td>\n<\/tr>\n<tr class=\"row-3 odd\">\n\t<td class=\"column-1\">30-06-2026<\/td><td class=\"column-2\">28-06-2026<\/td><td class=\"column-3\">10-06-2026<\/td>\n<\/tr>\n<tr class=\"row-4 even\">\n\t<td class=\"column-1\">19-12-2026<\/td><td class=\"column-2\">13-12-2026<\/td><td class=\"column-3\">25-11-2026<\/td>\n<\/tr>\n<\/tbody>\n<\/table>\n<span class=\"tablepress-table-description tablepress-table-description-id-5\">B2 First for schools(FCE for Schools)<\/span>\n<!-- #tablepress-5 from cache -->\n<h4>CAE<\/h4>\n\n<table id=\"tablepress-6\" class=\"tablepress tablepress-id-6\">\n<thead>\n<tr class=\"row-1 odd\">\n\t<th class=\"column-1\">COMPUTER TEST<\/th><th class=\"column-2\">SPEAKING TEST<\/th><th class=\"column-3\">\u00daLTIMO D\u00cdA DE MATRICULACI\u00d3N<\/th>\n<\/tr>\n<\/thead>\n<tbody class=\"row-hover\">\n<tr class=\"row-2 even\">\n\t<td class=\"column-1\">01-07-2026<\/td><td class=\"column-2\">28-06-2026<\/td><td class=\"column-3\">10-06-2026<\/td>\n<\/tr>\n<tr class=\"row-3 odd\">\n\t<td class=\"column-1\">31-07-2026<\/td><td class=\"column-2\">25-07-2026<\/td><td class=\"column-3\">08-07-2026<\/td>\n<\/tr>\n<tr class=\"row-4 even\">\n\t<td class=\"column-1\">19-12-2026<\/td><td class=\"column-2\">13-12-2026<\/td><td class=\"column-3\">25-11-2026<\/td>\n<\/tr>\n<\/tbody>\n<\/table>\n<!-- #tablepress-6 from cache -->\n<h4>CPE<\/h4>\n\n<table id=\"tablepress-7\" class=\"tablepress tablepress-id-7\">\n<thead>\n<tr class=\"row-1 odd\">\n\t<th class=\"column-1\">COMPUTER TEST<\/th><th class=\"column-2\">SPEAKING TEST<\/th><th class=\"column-3\">\u00daLTIMO D\u00cdA DE MATRICULACI\u00d3N<\/th>\n<\/tr>\n<\/thead>\n<tbody class=\"row-hover\">\n<tr class=\"row-2 even\">\n\t<td class=\"column-1\">31-07-2026<\/td><td class=\"column-2\">26-07-2026<\/td><td class=\"column-3\">08-07-2026<\/td>\n<\/tr>\n<\/tbody>\n<\/table>\n<!-- #tablepress-7 from cache -->","protected":false},"excerpt":{"rendered":"<p>HAZ NUESTRO EXAMEN B2 CAMBRIDGE Y MAS EXAMENES EN NUESTRO CENTRO KET PET FCE CAE CPE<\/p>\n","protected":false},"author":1,"featured_media":0,"parent":0,"menu_order":0,"comment_status":"closed","ping_status":"closed","template":"","meta":{"footnotes":""},"_links":{"self":[{"href":"https:\/\/pilarec.com\/index.php\/wp-json\/wp\/v2\/pages\/56"}],"collection":[{"href":"https:\/\/pilarec.com\/index.php\/wp-json\/wp\/v2\/pages"}],"about":[{"href":"https:\/\/pilarec.com\/index.php\/wp-json\/wp\/v2\/types\/page"}],"author":[{"embeddable":true,"href":"https:\/\/pilarec.com\/index.php\/wp-json\/wp\/v2\/users\/1"}],"replies":[{"embeddable":true,"href":"https:\/\/pilarec.com\/index.php\/wp-json\/wp\/v2\/comments?post=56"}],"version-history":[{"count":18,"href":"https:\/\/pilarec.com\/index.php\/wp-json\/wp\/v2\/pages\/56\/revisions"}],"predecessor-version":[{"id":1502,"href":"https:\/\/pilarec.com\/index.php\/wp-json\/wp\/v2\/pages\/56\/revisions\/1502"}],"wp:attachment":[{"href":"https:\/\/pilarec.com\/index.php\/wp-json\/wp\/v2\/media?parent=56"}],"curies":[{"name":"wp","href":"https:\/\/api.w.org\/{rel}","templated":true}]}}