{"id":344,"date":"2018-04-05T17:44:38","date_gmt":"2018-04-05T15:44:38","guid":{"rendered":"http:\/\/pilarec.com\/?page_id=344"},"modified":"2026-03-24T17:29:31","modified_gmt":"2026-03-24T16:29:31","slug":"fechas-de-examen","status":"publish","type":"page","link":"https:\/\/pilarec.com\/index.php\/examenes\/fechas-de-examen\/","title":{"rendered":"Fechas de examen En \u00dabeda"},"content":{"rendered":"\n<p><\/p>\n\n\n\n<p>Nuestro centro est\u00e1 especializado en los ex\u00e1menes por ordenador. Por favor antes de registrarse contacte con nosotros en la direcci\u00f3n info@pilarec.com o en los tel\u00e9fono:  &nbsp;648789261.<\/p>\n\n\n\n<p>\u00bfPor qu\u00e9 examinarse por ordenador?<\/p>\n\n\n\n<ul>\n<li>Los alumnos no tienen que desplazarse a otra localidad.<\/li>\n\n\n\n<li>La matr\u00edcula se puede hacer hasta tres semanas antes del d\u00eda del examen.<\/li>\n\n\n\n<li>Resultados en aproximadamente dos semanas despu\u00e9s de realizar el examen.<\/li>\n\n\n\n<li>Auriculares en la parte del Listening.<\/li>\n<\/ul>\n\n\n\n<p><\/p>\n\n\n\n<h2 class=\"wp-block-heading has-large-font-size\"><span style=\"color: #800000;\"><strong>A2 KEY FOR SCHOOLS (KET)<\/strong><\/span><br><span style=\"color: #ff0000;\">\n<table id=\"tablepress-3\" class=\"tablepress tablepress-id-3\">\n<thead>\n<tr class=\"row-1 odd\">\n\t<th class=\"column-1\">COMPUTER TEST<\/th><th class=\"column-2\">SPEAKING TEST<\/th><th class=\"column-3\">\u00daLTIMO D\u00cdA DE MATRICULACI\u00d3N<\/th>\n<\/tr>\n<\/thead>\n<tbody class=\"row-hover\">\n<tr class=\"row-2 even\">\n\t<td class=\"column-1\">12\/06\/2026<\/td><td class=\"column-2\">12\/06\/2026<\/td><td class=\"column-3\">27-05-2026<\/td>\n<\/tr>\n<\/tbody>\n<\/table>\n<\/span><\/h2>\n\n\n\n<h2 class=\"wp-block-heading has-large-font-size\"><span style=\"color: #800000;\"><strong>B1 PRELIMINARY (PET)<\/strong><\/span><strong><span style=\"color: #800000;\"> <\/span><\/strong><strong><span style=\"color: #800000;\">FOR SCHOOLS <\/span><\/strong><\/h2>\n\n\n\n<p class=\"has-large-font-size\"><span style=\"color: #ff9900;\"><h2 class=\"tablepress-table-name tablepress-table-name-id-4\">B1 Preliminary for Schools (PET for schools)<\/h2>\n\n<table id=\"tablepress-4\" class=\"tablepress tablepress-id-4\">\n<thead>\n<tr class=\"row-1 odd\">\n\t<th class=\"column-1\">COMPUTER TEST<\/th><th class=\"column-2\">SPEAKING TEST<\/th><th class=\"column-3\">\u00daLTIMO D\u00cdA DE MATRICULACI\u00d3N<\/th>\n<\/tr>\n<\/thead>\n<tbody class=\"row-hover\">\n<tr class=\"row-2 even\">\n\t<td class=\"column-1\">29-06-2026<\/td><td class=\"column-2\">27-06-2026<\/td><td class=\"column-3\">10-06-2026<\/td>\n<\/tr>\n<tr class=\"row-3 odd\">\n\t<td class=\"column-1\">29-07-2026<\/td><td class=\"column-2\">26-07-2026<\/td><td class=\"column-3\">15-07-2026<\/td>\n<\/tr>\n<tr class=\"row-4 even\">\n\t<td class=\"column-1\">18-12-2026<\/td><td class=\"column-2\">13-12-2026<\/td><td class=\"column-3\">25-11-2026<\/td>\n<\/tr>\n<\/tbody>\n<\/table>\n<span class=\"tablepress-table-description tablepress-table-description-id-4\">B1 Preliminary for Schools (PET for schools)<\/span>\n<\/span><\/p>\n\n\n\n<p class=\"has-x-large-font-size\"><strong><span style=\"color: #800000;\"><sup>B2 FIRST (FCE) <span style=\"color: #800000;\"><strong>FOR SCHOOLS <\/strong><\/span><\/sup><\/span><br><\/strong><span style=\"color: #3366ff;\"><h2 class=\"tablepress-table-name tablepress-table-name-id-5\">B2 First for schools(FCE for Schools)<\/h2>\n\n<table id=\"tablepress-5\" class=\"tablepress tablepress-id-5\">\n<thead>\n<tr class=\"row-1 odd\">\n\t<th class=\"column-1\">COMPUTER TEST<\/th><th class=\"column-2\">SPEAKING TEST<\/th><th class=\"column-3\">\u00daLTIMO D\u00cdA DE MATRICULACI\u00d3N<\/th>\n<\/tr>\n<\/thead>\n<tbody class=\"row-hover\">\n<tr class=\"row-2 even\">\n\t<td class=\"column-1\">30-06-2026<\/td><td class=\"column-2\">28-06-2026<\/td><td class=\"column-3\">10-06-2026<\/td>\n<\/tr>\n<tr class=\"row-3 odd\">\n\t<td class=\"column-1\">30-06-2026<\/td><td class=\"column-2\">28-06-2026<\/td><td class=\"column-3\">10-06-2026<\/td>\n<\/tr>\n<tr class=\"row-4 even\">\n\t<td class=\"column-1\">19-12-2026<\/td><td class=\"column-2\">13-12-2026<\/td><td class=\"column-3\">25-11-2026<\/td>\n<\/tr>\n<\/tbody>\n<\/table>\n<span class=\"tablepress-table-description tablepress-table-description-id-5\">B2 First for schools(FCE for Schools)<\/span>\n<\/span><\/p>\n\n\n\n<p class=\"has-large-font-size\"><span style=\"color: #800000;\"><strong>C1 ADVANCED (CAE)<\/strong><\/span><\/p>\n\n\n\n<p class=\"has-large-font-size\"><span style=\"color: #808080;\">\n<table id=\"tablepress-6\" class=\"tablepress tablepress-id-6\">\n<thead>\n<tr class=\"row-1 odd\">\n\t<th class=\"column-1\">COMPUTER TEST<\/th><th class=\"column-2\">SPEAKING TEST<\/th><th class=\"column-3\">\u00daLTIMO D\u00cdA DE MATRICULACI\u00d3N<\/th>\n<\/tr>\n<\/thead>\n<tbody class=\"row-hover\">\n<tr class=\"row-2 even\">\n\t<td class=\"column-1\">01-07-2026<\/td><td class=\"column-2\">28-06-2026<\/td><td class=\"column-3\">10-06-2026<\/td>\n<\/tr>\n<tr class=\"row-3 odd\">\n\t<td class=\"column-1\">31-07-2026<\/td><td class=\"column-2\">25-07-2026<\/td><td class=\"column-3\">08-07-2026<\/td>\n<\/tr>\n<tr class=\"row-4 even\">\n\t<td class=\"column-1\">19-12-2026<\/td><td class=\"column-2\">13-12-2026<\/td><td class=\"column-3\">25-11-2026<\/td>\n<\/tr>\n<\/tbody>\n<\/table>\n<\/span><\/p>\n\n\n\n<h2 class=\"wp-block-heading has-large-font-size\"><span style=\"color: #800000;\"><strong>C2 PROFICIENCY (CPE)<\/strong><\/span><\/h2>\n\n\n\n<p class=\"has-large-font-size\"><span style=\"color: #ff6600;\">\n<table id=\"tablepress-7\" class=\"tablepress tablepress-id-7\">\n<thead>\n<tr class=\"row-1 odd\">\n\t<th class=\"column-1\">COMPUTER TEST<\/th><th class=\"column-2\">SPEAKING TEST<\/th><th class=\"column-3\">\u00daLTIMO D\u00cdA DE MATRICULACI\u00d3N<\/th>\n<\/tr>\n<\/thead>\n<tbody class=\"row-hover\">\n<tr class=\"row-2 even\">\n\t<td class=\"column-1\">31-07-2026<\/td><td class=\"column-2\">26-07-2026<\/td><td class=\"column-3\">08-07-2026<\/td>\n<\/tr>\n<\/tbody>\n<\/table>\n<\/span><\/p>\n\n\n\n<p><\/p>\n","protected":false},"excerpt":{"rendered":"<p>Nuestro centro est\u00e1 especializado en los ex\u00e1menes por ordenador. Por favor antes de registrarse contacte con nosotros en la direcci\u00f3n info@pilarec.com o en los tel\u00e9fono: &nbsp;648789261. \u00bfPor qu\u00e9 examinarse por ordenador? A2 KEY FOR SCHOOLS (KET) B1 PRELIMINARY (PET) FOR SCHOOLS B2 FIRST (FCE) FOR SCHOOLS C1 ADVANCED (CAE) C2 PROFICIENCY (CPE)<\/p>\n","protected":false},"author":1,"featured_media":0,"parent":56,"menu_order":0,"comment_status":"closed","ping_status":"closed","template":"","meta":{"footnotes":""},"_links":{"self":[{"href":"https:\/\/pilarec.com\/index.php\/wp-json\/wp\/v2\/pages\/344"}],"collection":[{"href":"https:\/\/pilarec.com\/index.php\/wp-json\/wp\/v2\/pages"}],"about":[{"href":"https:\/\/pilarec.com\/index.php\/wp-json\/wp\/v2\/types\/page"}],"author":[{"embeddable":true,"href":"https:\/\/pilarec.com\/index.php\/wp-json\/wp\/v2\/users\/1"}],"replies":[{"embeddable":true,"href":"https:\/\/pilarec.com\/index.php\/wp-json\/wp\/v2\/comments?post=344"}],"version-history":[{"count":85,"href":"https:\/\/pilarec.com\/index.php\/wp-json\/wp\/v2\/pages\/344\/revisions"}],"predecessor-version":[{"id":1599,"href":"https:\/\/pilarec.com\/index.php\/wp-json\/wp\/v2\/pages\/344\/revisions\/1599"}],"up":[{"embeddable":true,"href":"https:\/\/pilarec.com\/index.php\/wp-json\/wp\/v2\/pages\/56"}],"wp:attachment":[{"href":"https:\/\/pilarec.com\/index.php\/wp-json\/wp\/v2\/media?parent=344"}],"curies":[{"name":"wp","href":"https:\/\/api.w.org\/{rel}","templated":true}]}}